{"id":303,"date":"2025-10-15T22:52:12","date_gmt":"2025-10-15T22:52:12","guid":{"rendered":"https:\/\/novapellet.jkrstudios.com\/?post_type=product&#038;p=303"},"modified":"2026-03-16T11:01:02","modified_gmt":"2026-03-16T17:01:02","slug":"novarange","status":"publish","type":"product","link":"https:\/\/novapellet.com\/en\/product\/novarange\/","title":{"rendered":"NovaRange"},"content":{"rendered":"<p>NovaRange is an enriched fiber pellet designed to promote rumen health and digestive efficiency. Fortified with protein and energy sources, including rapidly available carbohydrates and molasses for enhanced palatability, it delivers balanced and functional nutrition.\n\nIts larger diameter size allows for direct feeding in grazing systems without requiring feeders, improving feeding efficiency and operational flexibility.<\/p>\n<p><strong>Enriched pellets:<\/strong> complementary nutrition in every pellet.<\/p>","protected":false},"excerpt":{"rendered":"<p>NovaRange is an enriched fiber pellet designed to promote rumen health and digestive efficiency. Fortified with protein and energy sources, including rapidly available carbohydrates and molasses for enhanced palatability, it delivers balanced and functional nutrition.\n\nIts larger diameter size allows for direct feeding in grazing systems without requiring feeders, improving feeding efficiency and operational flexibility.<\/p>\n<p><strong>Enriched pellets:<\/strong> complementary nutrition in every pellet.<\/p>","protected":false},"featured_media":128,"template":"","meta":[],"product_brand":[],"product_cat":[18],"product_tag":[],"class_list":{"0":"post-303","1":"product","2":"type-product","3":"status-publish","4":"has-post-thumbnail","6":"product_cat-novapellet","8":"first","9":"instock","10":"shipping-taxable","11":"product-type-simple"},"yoast_head":"<!-- This site is optimized with the Yoast SEO Premium plugin v27.1 (Yoast SEO v27.1) - https:\/\/yoast.com\/product\/yoast-seo-premium-wordpress\/ -->\r\n<title>NovaRange | Pellet nutricional para rumiantes con fibra de ca\u00f1a<\/title>\r\n<meta name=\"description\" content=\"NovaRange es un pellet nutricional con fibra de ca\u00f1a, prote\u00edna y energ\u00eda para complementar la dieta de rumiantes, bovinos, ovinos y caprinos, mejorando digestibilidad y productividad.\" \/>\r\n<meta name=\"robots\" content=\"index, follow, max-snippet:-1, max-image-preview:large, max-video-preview:-1\" \/>\r\n<link rel=\"canonical\" href=\"https:\/\/novapellet.com\/en\/product\/novarange\/\" \/>\r\n<meta property=\"og:locale\" content=\"en_US\" \/>\r\n<meta property=\"og:type\" content=\"article\" \/>\r\n<meta property=\"og:title\" content=\"NovaRange\" \/>\r\n<meta property=\"og:description\" content=\"NovaRange es un pellet nutricional con fibra de ca\u00f1a, prote\u00edna y energ\u00eda para complementar la dieta de rumiantes, bovinos, ovinos y caprinos, mejorando digestibilidad y productividad.\" \/>\r\n<meta property=\"og:url\" content=\"https:\/\/novapellet.com\/en\/product\/novarange\/\" \/>\r\n<meta property=\"og:site_name\" content=\"Novapellet - Sitio Oficial\" \/>\r\n<meta property=\"article:modified_time\" content=\"2026-03-16T17:01:02+00:00\" \/>\r\n<meta property=\"og:image\" content=\"https:\/\/novapellet.com\/wp-content\/uploads\/2025\/10\/0001_NovaRange.jpg\" \/>\r\n\t<meta property=\"og:image:width\" content=\"800\" \/>\r\n\t<meta property=\"og:image:height\" content=\"497\" \/>\r\n\t<meta property=\"og:image:type\" content=\"image\/jpeg\" \/>\r\n<meta name=\"twitter:card\" content=\"summary_large_image\" \/>\r\n<meta name=\"twitter:label1\" content=\"Est. reading time\" \/>\n\t<meta name=\"twitter:data1\" content=\"1 minute\" \/>\r\n<script type=\"application\/ld+json\" class=\"yoast-schema-graph\">{\"@context\":\"https:\/\/schema.org\",\"@graph\":[{\"@type\":\"WebPage\",\"@id\":\"https:\/\/novapellet.com\/product\/novarange\/\",\"url\":\"https:\/\/novapellet.com\/product\/novarange\/\",\"name\":\"NovaRange | Pellet nutricional para rumiantes con fibra de ca\u00f1a\",\"isPartOf\":{\"@id\":\"https:\/\/novapellet.com\/#website\"},\"primaryImageOfPage\":{\"@id\":\"https:\/\/novapellet.com\/product\/novarange\/#primaryimage\"},\"image\":{\"@id\":\"https:\/\/novapellet.com\/product\/novarange\/#primaryimage\"},\"thumbnailUrl\":\"https:\/\/novapellet.com\/wp-content\/uploads\/2025\/10\/0001_NovaRange.jpg\",\"datePublished\":\"2025-10-15T22:52:12+00:00\",\"dateModified\":\"2026-03-16T17:01:02+00:00\",\"description\":\"NovaRange es un pellet nutricional con fibra de ca\u00f1a, prote\u00edna y energ\u00eda para complementar la dieta de rumiantes, bovinos, ovinos y caprinos, mejorando digestibilidad y productividad.\",\"breadcrumb\":{\"@id\":\"https:\/\/novapellet.com\/product\/novarange\/#breadcrumb\"},\"inLanguage\":\"en-US\",\"potentialAction\":[{\"@type\":\"ReadAction\",\"target\":[\"https:\/\/novapellet.com\/product\/novarange\/\"]}]},{\"@type\":\"ImageObject\",\"inLanguage\":\"en-US\",\"@id\":\"https:\/\/novapellet.com\/product\/novarange\/#primaryimage\",\"url\":\"https:\/\/novapellet.com\/wp-content\/uploads\/2025\/10\/0001_NovaRange.jpg\",\"contentUrl\":\"https:\/\/novapellet.com\/wp-content\/uploads\/2025\/10\/0001_NovaRange.jpg\",\"width\":800,\"height\":497},{\"@type\":\"BreadcrumbList\",\"@id\":\"https:\/\/novapellet.com\/product\/novarange\/#breadcrumb\",\"itemListElement\":[{\"@type\":\"ListItem\",\"position\":1,\"name\":\"Home\",\"item\":\"https:\/\/novapellet.com\/\"},{\"@type\":\"ListItem\",\"position\":2,\"name\":\"Shop\",\"item\":\"https:\/\/novapellet.com\/?page_id=58\"},{\"@type\":\"ListItem\",\"position\":3,\"name\":\"NovaRange\"}]},{\"@type\":\"WebSite\",\"@id\":\"https:\/\/novapellet.com\/#website\",\"url\":\"https:\/\/novapellet.com\/\",\"name\":\"Novapellet - Sitio Oficial\",\"description\":\"Pellet de Pantaleon para alimento animal y ganado\",\"publisher\":{\"@id\":\"https:\/\/novapellet.com\/#organization\"},\"alternateName\":\"Pellet de Pantaleon\",\"potentialAction\":[{\"@type\":\"SearchAction\",\"target\":{\"@type\":\"EntryPoint\",\"urlTemplate\":\"https:\/\/novapellet.com\/?s={search_term_string}\"},\"query-input\":{\"@type\":\"PropertyValueSpecification\",\"valueRequired\":true,\"valueName\":\"search_term_string\"}}],\"inLanguage\":\"en-US\"},{\"@type\":\"Organization\",\"@id\":\"https:\/\/novapellet.com\/#organization\",\"name\":\"Novapellet\",\"url\":\"https:\/\/novapellet.com\/\",\"logo\":{\"@type\":\"ImageObject\",\"inLanguage\":\"en-US\",\"@id\":\"https:\/\/novapellet.com\/#\/schema\/logo\/image\/\",\"url\":\"https:\/\/novapellet.com\/wp-content\/uploads\/2025\/09\/logo-novapellet-scaled.png\",\"contentUrl\":\"https:\/\/novapellet.com\/wp-content\/uploads\/2025\/09\/logo-novapellet-scaled.png\",\"width\":2560,\"height\":1213,\"caption\":\"Novapellet\"},\"image\":{\"@id\":\"https:\/\/novapellet.com\/#\/schema\/logo\/image\/\"},\"sameAs\":[\"https:\/\/www.youtube.com\/@NovaPelletMX\",\"https:\/\/www.instagram.com\/novapellet2023\/\"],\"email\":\"javier.holschneider@pantaleon.com\",\"telephone\":\"(+52) 55 54132696\"}]}<\/script>\r\n<!-- \/ Yoast SEO Premium plugin. -->","yoast_head_json":{"title":"NovaRange | Pellet nutricional para rumiantes con fibra de ca\u00f1a","description":"NovaRange es un pellet nutricional con fibra de ca\u00f1a, prote\u00edna y energ\u00eda para complementar la dieta de rumiantes, bovinos, ovinos y caprinos, mejorando digestibilidad y productividad.","robots":{"index":"index","follow":"follow","max-snippet":"max-snippet:-1","max-image-preview":"max-image-preview:large","max-video-preview":"max-video-preview:-1"},"canonical":"https:\/\/novapellet.com\/en\/product\/novarange\/","og_locale":"en_US","og_type":"article","og_title":"NovaRange","og_description":"NovaRange es un pellet nutricional con fibra de ca\u00f1a, prote\u00edna y energ\u00eda para complementar la dieta de rumiantes, bovinos, ovinos y caprinos, mejorando digestibilidad y productividad.","og_url":"https:\/\/novapellet.com\/en\/product\/novarange\/","og_site_name":"Novapellet - Sitio Oficial","article_modified_time":"2026-03-16T17:01:02+00:00","og_image":[{"width":800,"height":497,"url":"https:\/\/novapellet.com\/wp-content\/uploads\/2025\/10\/0001_NovaRange.jpg","type":"image\/jpeg"}],"twitter_card":"summary_large_image","twitter_misc":{"Est. reading time":"1 minute"},"schema":{"@context":"https:\/\/schema.org","@graph":[{"@type":"WebPage","@id":"https:\/\/novapellet.com\/product\/novarange\/","url":"https:\/\/novapellet.com\/product\/novarange\/","name":"NovaRange | Pellet nutricional para rumiantes con fibra de ca\u00f1a","isPartOf":{"@id":"https:\/\/novapellet.com\/#website"},"primaryImageOfPage":{"@id":"https:\/\/novapellet.com\/product\/novarange\/#primaryimage"},"image":{"@id":"https:\/\/novapellet.com\/product\/novarange\/#primaryimage"},"thumbnailUrl":"https:\/\/novapellet.com\/wp-content\/uploads\/2025\/10\/0001_NovaRange.jpg","datePublished":"2025-10-15T22:52:12+00:00","dateModified":"2026-03-16T17:01:02+00:00","description":"NovaRange es un pellet nutricional con fibra de ca\u00f1a, prote\u00edna y energ\u00eda para complementar la dieta de rumiantes, bovinos, ovinos y caprinos, mejorando digestibilidad y productividad.","breadcrumb":{"@id":"https:\/\/novapellet.com\/product\/novarange\/#breadcrumb"},"inLanguage":"en-US","potentialAction":[{"@type":"ReadAction","target":["https:\/\/novapellet.com\/product\/novarange\/"]}]},{"@type":"ImageObject","inLanguage":"en-US","@id":"https:\/\/novapellet.com\/product\/novarange\/#primaryimage","url":"https:\/\/novapellet.com\/wp-content\/uploads\/2025\/10\/0001_NovaRange.jpg","contentUrl":"https:\/\/novapellet.com\/wp-content\/uploads\/2025\/10\/0001_NovaRange.jpg","width":800,"height":497},{"@type":"BreadcrumbList","@id":"https:\/\/novapellet.com\/product\/novarange\/#breadcrumb","itemListElement":[{"@type":"ListItem","position":1,"name":"Home","item":"https:\/\/novapellet.com\/"},{"@type":"ListItem","position":2,"name":"Shop","item":"https:\/\/novapellet.com\/?page_id=58"},{"@type":"ListItem","position":3,"name":"NovaRange"}]},{"@type":"WebSite","@id":"https:\/\/novapellet.com\/#website","url":"https:\/\/novapellet.com\/","name":"Novapellet - Sitio Oficial","description":"Pellet de Pantaleon para alimento animal y ganado","publisher":{"@id":"https:\/\/novapellet.com\/#organization"},"alternateName":"Pellet de Pantaleon","potentialAction":[{"@type":"SearchAction","target":{"@type":"EntryPoint","urlTemplate":"https:\/\/novapellet.com\/?s={search_term_string}"},"query-input":{"@type":"PropertyValueSpecification","valueRequired":true,"valueName":"search_term_string"}}],"inLanguage":"en-US"},{"@type":"Organization","@id":"https:\/\/novapellet.com\/#organization","name":"Novapellet","url":"https:\/\/novapellet.com\/","logo":{"@type":"ImageObject","inLanguage":"en-US","@id":"https:\/\/novapellet.com\/#\/schema\/logo\/image\/","url":"https:\/\/novapellet.com\/wp-content\/uploads\/2025\/09\/logo-novapellet-scaled.png","contentUrl":"https:\/\/novapellet.com\/wp-content\/uploads\/2025\/09\/logo-novapellet-scaled.png","width":2560,"height":1213,"caption":"Novapellet"},"image":{"@id":"https:\/\/novapellet.com\/#\/schema\/logo\/image\/"},"sameAs":["https:\/\/www.youtube.com\/@NovaPelletMX","https:\/\/www.instagram.com\/novapellet2023\/"],"email":"javier.holschneider@pantaleon.com","telephone":"(+52) 55 54132696"}]}},"_links":{"self":[{"href":"https:\/\/novapellet.com\/en\/wp-json\/wp\/v2\/product\/303","targetHints":{"allow":["GET"]}}],"collection":[{"href":"https:\/\/novapellet.com\/en\/wp-json\/wp\/v2\/product"}],"about":[{"href":"https:\/\/novapellet.com\/en\/wp-json\/wp\/v2\/types\/product"}],"wp:featuredmedia":[{"embeddable":true,"href":"https:\/\/novapellet.com\/en\/wp-json\/wp\/v2\/media\/128"}],"wp:attachment":[{"href":"https:\/\/novapellet.com\/en\/wp-json\/wp\/v2\/media?parent=303"}],"wp:term":[{"taxonomy":"product_brand","embeddable":true,"href":"https:\/\/novapellet.com\/en\/wp-json\/wp\/v2\/product_brand?post=303"},{"taxonomy":"product_cat","embeddable":true,"href":"https:\/\/novapellet.com\/en\/wp-json\/wp\/v2\/product_cat?post=303"},{"taxonomy":"product_tag","embeddable":true,"href":"https:\/\/novapellet.com\/en\/wp-json\/wp\/v2\/product_tag?post=303"}],"curies":[{"name":"wp","href":"https:\/\/api.w.org\/{rel}","templated":true}]}}