{"id":112,"date":"2025-09-16T15:29:46","date_gmt":"2025-09-16T15:29:46","guid":{"rendered":"https:\/\/novapellet.jkrstudios.com\/?post_type=product&#038;p=112"},"modified":"2026-03-16T11:02:09","modified_gmt":"2026-03-16T17:02:09","slug":"novafibra","status":"publish","type":"product","link":"https:\/\/novapellet.com\/en\/product\/novafibra\/","title":{"rendered":"Novafibra"},"content":{"rendered":"","protected":false},"excerpt":{"rendered":"<p>Novafibra is a natural fiber pellet designed for uniform digestibility, and ease of use.<\/p>\n<ul>\n<li>Supports rumen health and digestive efficiency<\/li>\n<li>Reduces transportation and storage costs<\/li>\n<li>Easy to mix and dose<\/li>\n<\/ul>\n<p><strong>Novafibra Pellets<\/strong> Efficient nutrition for healthier, more productive livestock.<\/p>","protected":false},"featured_media":43,"template":"","meta":[],"product_brand":[],"product_cat":[18],"product_tag":[],"class_list":{"0":"post-112","1":"product","2":"type-product","3":"status-publish","4":"has-post-thumbnail","6":"product_cat-novapellet","8":"first","9":"instock","10":"shipping-taxable","11":"product-type-simple"},"yoast_head":"<!-- This site is optimized with the Yoast SEO Premium plugin v27.1 (Yoast SEO v27.1) - https:\/\/yoast.com\/product\/yoast-seo-premium-wordpress\/ -->\r\n<title>NovaFibra | Pellet de fibra de ca\u00f1a para nutrici\u00f3n animal<\/title>\r\n<meta name=\"description\" content=\"NovaFibra es un pellet 100% fibra de ca\u00f1a para bovinos, ovinos, caprinos y equinos que mejora la digesti\u00f3n, la salud ruminal y la eficiencia en la alimentaci\u00f3n animal.\" \/>\r\n<meta name=\"robots\" content=\"index, follow, max-snippet:-1, max-image-preview:large, max-video-preview:-1\" \/>\r\n<link rel=\"canonical\" href=\"https:\/\/novapellet.com\/en\/product\/novafibra\/\" \/>\r\n<meta property=\"og:locale\" content=\"en_US\" \/>\r\n<meta property=\"og:type\" content=\"article\" \/>\r\n<meta property=\"og:title\" content=\"Novafibra\" \/>\r\n<meta property=\"og:description\" content=\"NovaFibra es un pellet 100% fibra de ca\u00f1a para bovinos, ovinos, caprinos y equinos que mejora la digesti\u00f3n, la salud ruminal y la eficiencia en la alimentaci\u00f3n animal.\" \/>\r\n<meta property=\"og:url\" content=\"https:\/\/novapellet.com\/en\/product\/novafibra\/\" \/>\r\n<meta property=\"og:site_name\" content=\"Novapellet - Sitio Oficial\" \/>\r\n<meta property=\"article:modified_time\" content=\"2026-03-16T17:02:09+00:00\" \/>\r\n<meta property=\"og:image\" content=\"https:\/\/novapellet.com\/wp-content\/uploads\/2025\/09\/food-for-horse-2024-12-06-13-30-12-utc.jpg\" \/>\r\n\t<meta property=\"og:image:width\" content=\"800\" \/>\r\n\t<meta property=\"og:image:height\" content=\"497\" \/>\r\n\t<meta property=\"og:image:type\" content=\"image\/jpeg\" \/>\r\n<meta name=\"twitter:card\" content=\"summary_large_image\" \/>\r\n<meta name=\"twitter:label1\" content=\"Est. reading time\" \/>\n\t<meta name=\"twitter:data1\" content=\"1 minute\" \/>\r\n<script type=\"application\/ld+json\" class=\"yoast-schema-graph\">{\"@context\":\"https:\/\/schema.org\",\"@graph\":[{\"@type\":\"WebPage\",\"@id\":\"https:\/\/novapellet.com\/product\/novafibra\/\",\"url\":\"https:\/\/novapellet.com\/product\/novafibra\/\",\"name\":\"NovaFibra | Pellet de fibra de ca\u00f1a para nutrici\u00f3n animal\",\"isPartOf\":{\"@id\":\"https:\/\/novapellet.com\/#website\"},\"primaryImageOfPage\":{\"@id\":\"https:\/\/novapellet.com\/product\/novafibra\/#primaryimage\"},\"image\":{\"@id\":\"https:\/\/novapellet.com\/product\/novafibra\/#primaryimage\"},\"thumbnailUrl\":\"https:\/\/novapellet.com\/wp-content\/uploads\/2025\/09\/food-for-horse-2024-12-06-13-30-12-utc.jpg\",\"datePublished\":\"2025-09-16T15:29:46+00:00\",\"dateModified\":\"2026-03-16T17:02:09+00:00\",\"description\":\"NovaFibra es un pellet 100% fibra de ca\u00f1a para bovinos, ovinos, caprinos y equinos que mejora la digesti\u00f3n, la salud ruminal y la eficiencia en la alimentaci\u00f3n animal.\",\"breadcrumb\":{\"@id\":\"https:\/\/novapellet.com\/product\/novafibra\/#breadcrumb\"},\"inLanguage\":\"en-US\",\"potentialAction\":[{\"@type\":\"ReadAction\",\"target\":[\"https:\/\/novapellet.com\/product\/novafibra\/\"]}]},{\"@type\":\"ImageObject\",\"inLanguage\":\"en-US\",\"@id\":\"https:\/\/novapellet.com\/product\/novafibra\/#primaryimage\",\"url\":\"https:\/\/novapellet.com\/wp-content\/uploads\/2025\/09\/food-for-horse-2024-12-06-13-30-12-utc.jpg\",\"contentUrl\":\"https:\/\/novapellet.com\/wp-content\/uploads\/2025\/09\/food-for-horse-2024-12-06-13-30-12-utc.jpg\",\"width\":800,\"height\":497},{\"@type\":\"BreadcrumbList\",\"@id\":\"https:\/\/novapellet.com\/product\/novafibra\/#breadcrumb\",\"itemListElement\":[{\"@type\":\"ListItem\",\"position\":1,\"name\":\"Home\",\"item\":\"https:\/\/novapellet.com\/\"},{\"@type\":\"ListItem\",\"position\":2,\"name\":\"Shop\",\"item\":\"https:\/\/novapellet.com\/?page_id=58\"},{\"@type\":\"ListItem\",\"position\":3,\"name\":\"Novafibra\"}]},{\"@type\":\"WebSite\",\"@id\":\"https:\/\/novapellet.com\/#website\",\"url\":\"https:\/\/novapellet.com\/\",\"name\":\"Novapellet - Sitio Oficial\",\"description\":\"Pellet de Pantaleon para alimento animal y ganado\",\"publisher\":{\"@id\":\"https:\/\/novapellet.com\/#organization\"},\"alternateName\":\"Pellet de Pantaleon\",\"potentialAction\":[{\"@type\":\"SearchAction\",\"target\":{\"@type\":\"EntryPoint\",\"urlTemplate\":\"https:\/\/novapellet.com\/?s={search_term_string}\"},\"query-input\":{\"@type\":\"PropertyValueSpecification\",\"valueRequired\":true,\"valueName\":\"search_term_string\"}}],\"inLanguage\":\"en-US\"},{\"@type\":\"Organization\",\"@id\":\"https:\/\/novapellet.com\/#organization\",\"name\":\"Novapellet\",\"url\":\"https:\/\/novapellet.com\/\",\"logo\":{\"@type\":\"ImageObject\",\"inLanguage\":\"en-US\",\"@id\":\"https:\/\/novapellet.com\/#\/schema\/logo\/image\/\",\"url\":\"https:\/\/novapellet.com\/wp-content\/uploads\/2025\/09\/logo-novapellet-scaled.png\",\"contentUrl\":\"https:\/\/novapellet.com\/wp-content\/uploads\/2025\/09\/logo-novapellet-scaled.png\",\"width\":2560,\"height\":1213,\"caption\":\"Novapellet\"},\"image\":{\"@id\":\"https:\/\/novapellet.com\/#\/schema\/logo\/image\/\"},\"sameAs\":[\"https:\/\/www.youtube.com\/@NovaPelletMX\",\"https:\/\/www.instagram.com\/novapellet2023\/\"],\"email\":\"javier.holschneider@pantaleon.com\",\"telephone\":\"(+52) 55 54132696\"}]}<\/script>\r\n<!-- \/ Yoast SEO Premium plugin. -->","yoast_head_json":{"title":"NovaFibra | Pellet de fibra de ca\u00f1a para nutrici\u00f3n animal","description":"NovaFibra es un pellet 100% fibra de ca\u00f1a para bovinos, ovinos, caprinos y equinos que mejora la digesti\u00f3n, la salud ruminal y la eficiencia en la alimentaci\u00f3n animal.","robots":{"index":"index","follow":"follow","max-snippet":"max-snippet:-1","max-image-preview":"max-image-preview:large","max-video-preview":"max-video-preview:-1"},"canonical":"https:\/\/novapellet.com\/en\/product\/novafibra\/","og_locale":"en_US","og_type":"article","og_title":"Novafibra","og_description":"NovaFibra es un pellet 100% fibra de ca\u00f1a para bovinos, ovinos, caprinos y equinos que mejora la digesti\u00f3n, la salud ruminal y la eficiencia en la alimentaci\u00f3n animal.","og_url":"https:\/\/novapellet.com\/en\/product\/novafibra\/","og_site_name":"Novapellet - Sitio Oficial","article_modified_time":"2026-03-16T17:02:09+00:00","og_image":[{"width":800,"height":497,"url":"https:\/\/novapellet.com\/wp-content\/uploads\/2025\/09\/food-for-horse-2024-12-06-13-30-12-utc.jpg","type":"image\/jpeg"}],"twitter_card":"summary_large_image","twitter_misc":{"Est. reading time":"1 minute"},"schema":{"@context":"https:\/\/schema.org","@graph":[{"@type":"WebPage","@id":"https:\/\/novapellet.com\/product\/novafibra\/","url":"https:\/\/novapellet.com\/product\/novafibra\/","name":"NovaFibra | Pellet de fibra de ca\u00f1a para nutrici\u00f3n animal","isPartOf":{"@id":"https:\/\/novapellet.com\/#website"},"primaryImageOfPage":{"@id":"https:\/\/novapellet.com\/product\/novafibra\/#primaryimage"},"image":{"@id":"https:\/\/novapellet.com\/product\/novafibra\/#primaryimage"},"thumbnailUrl":"https:\/\/novapellet.com\/wp-content\/uploads\/2025\/09\/food-for-horse-2024-12-06-13-30-12-utc.jpg","datePublished":"2025-09-16T15:29:46+00:00","dateModified":"2026-03-16T17:02:09+00:00","description":"NovaFibra es un pellet 100% fibra de ca\u00f1a para bovinos, ovinos, caprinos y equinos que mejora la digesti\u00f3n, la salud ruminal y la eficiencia en la alimentaci\u00f3n animal.","breadcrumb":{"@id":"https:\/\/novapellet.com\/product\/novafibra\/#breadcrumb"},"inLanguage":"en-US","potentialAction":[{"@type":"ReadAction","target":["https:\/\/novapellet.com\/product\/novafibra\/"]}]},{"@type":"ImageObject","inLanguage":"en-US","@id":"https:\/\/novapellet.com\/product\/novafibra\/#primaryimage","url":"https:\/\/novapellet.com\/wp-content\/uploads\/2025\/09\/food-for-horse-2024-12-06-13-30-12-utc.jpg","contentUrl":"https:\/\/novapellet.com\/wp-content\/uploads\/2025\/09\/food-for-horse-2024-12-06-13-30-12-utc.jpg","width":800,"height":497},{"@type":"BreadcrumbList","@id":"https:\/\/novapellet.com\/product\/novafibra\/#breadcrumb","itemListElement":[{"@type":"ListItem","position":1,"name":"Home","item":"https:\/\/novapellet.com\/"},{"@type":"ListItem","position":2,"name":"Shop","item":"https:\/\/novapellet.com\/?page_id=58"},{"@type":"ListItem","position":3,"name":"Novafibra"}]},{"@type":"WebSite","@id":"https:\/\/novapellet.com\/#website","url":"https:\/\/novapellet.com\/","name":"Novapellet - Sitio Oficial","description":"Pellet de Pantaleon para alimento animal y ganado","publisher":{"@id":"https:\/\/novapellet.com\/#organization"},"alternateName":"Pellet de Pantaleon","potentialAction":[{"@type":"SearchAction","target":{"@type":"EntryPoint","urlTemplate":"https:\/\/novapellet.com\/?s={search_term_string}"},"query-input":{"@type":"PropertyValueSpecification","valueRequired":true,"valueName":"search_term_string"}}],"inLanguage":"en-US"},{"@type":"Organization","@id":"https:\/\/novapellet.com\/#organization","name":"Novapellet","url":"https:\/\/novapellet.com\/","logo":{"@type":"ImageObject","inLanguage":"en-US","@id":"https:\/\/novapellet.com\/#\/schema\/logo\/image\/","url":"https:\/\/novapellet.com\/wp-content\/uploads\/2025\/09\/logo-novapellet-scaled.png","contentUrl":"https:\/\/novapellet.com\/wp-content\/uploads\/2025\/09\/logo-novapellet-scaled.png","width":2560,"height":1213,"caption":"Novapellet"},"image":{"@id":"https:\/\/novapellet.com\/#\/schema\/logo\/image\/"},"sameAs":["https:\/\/www.youtube.com\/@NovaPelletMX","https:\/\/www.instagram.com\/novapellet2023\/"],"email":"javier.holschneider@pantaleon.com","telephone":"(+52) 55 54132696"}]}},"_links":{"self":[{"href":"https:\/\/novapellet.com\/en\/wp-json\/wp\/v2\/product\/112","targetHints":{"allow":["GET"]}}],"collection":[{"href":"https:\/\/novapellet.com\/en\/wp-json\/wp\/v2\/product"}],"about":[{"href":"https:\/\/novapellet.com\/en\/wp-json\/wp\/v2\/types\/product"}],"wp:featuredmedia":[{"embeddable":true,"href":"https:\/\/novapellet.com\/en\/wp-json\/wp\/v2\/media\/43"}],"wp:attachment":[{"href":"https:\/\/novapellet.com\/en\/wp-json\/wp\/v2\/media?parent=112"}],"wp:term":[{"taxonomy":"product_brand","embeddable":true,"href":"https:\/\/novapellet.com\/en\/wp-json\/wp\/v2\/product_brand?post=112"},{"taxonomy":"product_cat","embeddable":true,"href":"https:\/\/novapellet.com\/en\/wp-json\/wp\/v2\/product_cat?post=112"},{"taxonomy":"product_tag","embeddable":true,"href":"https:\/\/novapellet.com\/en\/wp-json\/wp\/v2\/product_tag?post=112"}],"curies":[{"name":"wp","href":"https:\/\/api.w.org\/{rel}","templated":true}]}}